{"id":4409,"date":"2024-04-07T23:38:55","date_gmt":"2024-04-08T02:38:55","guid":{"rendered":"https:\/\/radiobellavista.ar\/?page_id=4408"},"modified":"2024-04-07T23:38:55","modified_gmt":"2024-04-08T02:38:55","slug":"jose-c-paz","status":"publish","type":"page","link":"https:\/\/bellavista.net.ar\/?page_id=4409","title":{"rendered":"JOS\u00c9 C. PAZ"},"content":{"rendered":"\n<figure class=\"wp-block-table is-style-stripes has-small-font-size\"><table class=\"has-black-color has-luminous-vivid-amber-to-luminous-vivid-orange-gradient-background has-text-color has-background has-link-color\"><tbody><tr><td>DEPE<strong>NDENCIA<\/strong><\/td><td><strong>TEL\u00c9FONO<\/strong><\/td><td><strong>DIRECCI\u00d3N<\/strong><\/td><\/tr><tr><td>Comisar\u00eda Jos\u00e9 C. Paz 1\u00b0&nbsp;&nbsp;<\/td><td>02320 &#8211; 422211\/ 422583<\/td><td>Altube y R. S. Pe\u00f1a N\u00b0 2055Jos\u00e9 C. Paz<\/td><\/tr><tr><td>Comisar\u00eda Jos\u00e9 C. Paz 2\u00b0<\/td><td>02320 &#8211; 466661\/ 465313<\/td><td>Ugarteche y ChacabucoBarrio Frino, Jos\u00e9 C. Paz<\/td><\/tr><tr><td>Comisar\u00eda Jos\u00e9 C. Paz 3\u00b0&nbsp;&nbsp;<\/td><td>02320 \u2013 421917\/ 922<\/td><td>Potos\u00ed y SalvatoriJos\u00e9 C. Paz<\/td><\/tr><\/tbody><\/table><\/figure>\n","protected":false},"excerpt":{"rendered":"<p>DEPENDENCIA TEL\u00c9FONO DIRECCI\u00d3N Comisar\u00eda Jos\u00e9 C. Paz 1\u00b0&nbsp;&nbsp; 02320 &#8211; 422211\/ 422583 Altube y R. S. Pe\u00f1a N\u00b0 2055Jos\u00e9 C. Paz Comisar\u00eda Jos\u00e9 C. Paz 2\u00b0 02320 &#8211; 466661\/ 465313 Ugarteche y ChacabucoBarrio Frino, Jos\u00e9 C. Paz Comisar\u00eda Jos\u00e9 C. <a class=\"more-link\" href=\"https:\/\/bellavista.net.ar\/?page_id=4409\">Seguir leyendo <span class=\"screen-reader-text\">  JOS\u00c9 C. PAZ<\/span><span class=\"meta-nav\">&rarr;<\/span><\/a><\/p>\n","protected":false},"author":1,"featured_media":0,"parent":4406,"menu_order":0,"comment_status":"closed","ping_status":"closed","template":"","meta":{"_eb_attr":"","advanced_seo_description":"","jetpack_seo_html_title":"","jetpack_seo_noindex":false,"jetpack_post_was_ever_published":false,"footnotes":""},"class_list":["post-4409","page","type-page","status-publish","hentry"],"jetpack_sharing_enabled":true,"jetpack_likes_enabled":true,"jetpack-related-posts":[],"jetpack_shortlink":"https:\/\/wp.me\/P9kBAL-197","_links":{"self":[{"href":"https:\/\/bellavista.net.ar\/index.php?rest_route=\/wp\/v2\/pages\/4409","targetHints":{"allow":["GET"]}}],"collection":[{"href":"https:\/\/bellavista.net.ar\/index.php?rest_route=\/wp\/v2\/pages"}],"about":[{"href":"https:\/\/bellavista.net.ar\/index.php?rest_route=\/wp\/v2\/types\/page"}],"author":[{"embeddable":true,"href":"https:\/\/bellavista.net.ar\/index.php?rest_route=\/wp\/v2\/users\/1"}],"replies":[{"embeddable":true,"href":"https:\/\/bellavista.net.ar\/index.php?rest_route=%2Fwp%2Fv2%2Fcomments&post=4409"}],"version-history":[{"count":0,"href":"https:\/\/bellavista.net.ar\/index.php?rest_route=\/wp\/v2\/pages\/4409\/revisions"}],"up":[{"embeddable":true,"href":"https:\/\/bellavista.net.ar\/index.php?rest_route=\/wp\/v2\/pages\/4406"}],"wp:attachment":[{"href":"https:\/\/bellavista.net.ar\/index.php?rest_route=%2Fwp%2Fv2%2Fmedia&parent=4409"}],"curies":[{"name":"wp","href":"https:\/\/api.w.org\/{rel}","templated":true}]}}