{"id":4405,"date":"2024-04-07T23:32:58","date_gmt":"2024-04-08T02:32:58","guid":{"rendered":"https:\/\/radiobellavista.ar\/?page_id=4399"},"modified":"2024-04-07T23:32:58","modified_gmt":"2024-04-08T02:32:58","slug":"san-miguel","status":"publish","type":"page","link":"https:\/\/bellavista.net.ar\/?page_id=4405","title":{"rendered":"SAN MIGUEL"},"content":{"rendered":"\n<figure class=\"wp-block-table is-style-stripes has-small-font-size\"><table class=\"has-black-color has-luminous-vivid-amber-to-luminous-vivid-orange-gradient-background has-text-color has-background has-link-color\"><tbody><tr><td><strong>DEPENDENCIA<\/strong><\/td><td><strong>TEL\u00c9FONO<\/strong><\/td><td><strong>DIRECCI\u00d3N<\/strong><\/td><\/tr><tr><td>Comisar\u00eda San Miguel 1\u00b0&nbsp;&nbsp;<\/td><td>011 &#8211; 46649333\/ 46644494<\/td><td>Alem N\u00b0 1857 y Espa\u00f1aSan Miguel<\/td><\/tr><tr><td>Comisar\u00eda San Miguel 2\u00b0&nbsp;&nbsp;<\/td><td>011 &#8211; 46667412<\/td><td>San Mart\u00edn N\u00b0 1928Bella Vista, San Miguel<\/td><\/tr><tr><td>Comisar\u00eda San Miguel 3\u00b0&nbsp;<\/td><td>011 &#8211; 44557771\/ 72<\/td><td>Irigoin N\u00b0 4480San Miguel Oeste, San Miguel&nbsp;<\/td><\/tr><\/tbody><\/table><\/figure>\n","protected":false},"excerpt":{"rendered":"<p>DEPENDENCIA TEL\u00c9FONO DIRECCI\u00d3N Comisar\u00eda San Miguel 1\u00b0&nbsp;&nbsp; 011 &#8211; 46649333\/ 46644494 Alem N\u00b0 1857 y Espa\u00f1aSan Miguel Comisar\u00eda San Miguel 2\u00b0&nbsp;&nbsp; 011 &#8211; 46667412 San Mart\u00edn N\u00b0 1928Bella Vista, San Miguel Comisar\u00eda San Miguel 3\u00b0&nbsp; 011 &#8211; 44557771\/ 72 Irigoin <a class=\"more-link\" href=\"https:\/\/bellavista.net.ar\/?page_id=4405\">Seguir leyendo <span class=\"screen-reader-text\">  SAN MIGUEL<\/span><span class=\"meta-nav\">&rarr;<\/span><\/a><\/p>\n","protected":false},"author":1,"featured_media":0,"parent":4406,"menu_order":0,"comment_status":"closed","ping_status":"closed","template":"","meta":{"_eb_attr":"","advanced_seo_description":"","jetpack_seo_html_title":"","jetpack_seo_noindex":false,"footnotes":""},"class_list":["post-4405","page","type-page","status-publish","hentry"],"jetpack_sharing_enabled":true,"jetpack_likes_enabled":true,"jetpack-related-posts":[],"jetpack_shortlink":"https:\/\/wp.me\/P9kBAL-193","_links":{"self":[{"href":"https:\/\/bellavista.net.ar\/index.php?rest_route=\/wp\/v2\/pages\/4405","targetHints":{"allow":["GET"]}}],"collection":[{"href":"https:\/\/bellavista.net.ar\/index.php?rest_route=\/wp\/v2\/pages"}],"about":[{"href":"https:\/\/bellavista.net.ar\/index.php?rest_route=\/wp\/v2\/types\/page"}],"author":[{"embeddable":true,"href":"https:\/\/bellavista.net.ar\/index.php?rest_route=\/wp\/v2\/users\/1"}],"replies":[{"embeddable":true,"href":"https:\/\/bellavista.net.ar\/index.php?rest_route=%2Fwp%2Fv2%2Fcomments&post=4405"}],"version-history":[{"count":0,"href":"https:\/\/bellavista.net.ar\/index.php?rest_route=\/wp\/v2\/pages\/4405\/revisions"}],"up":[{"embeddable":true,"href":"https:\/\/bellavista.net.ar\/index.php?rest_route=\/wp\/v2\/pages\/4406"}],"wp:attachment":[{"href":"https:\/\/bellavista.net.ar\/index.php?rest_route=%2Fwp%2Fv2%2Fmedia&parent=4405"}],"curies":[{"name":"wp","href":"https:\/\/api.w.org\/{rel}","templated":true}]}}