{"id":3906,"date":"2023-07-05T19:49:42","date_gmt":"2023-07-05T22:49:42","guid":{"rendered":"https:\/\/radiobellavista.ar\/?page_id=3906"},"modified":"2023-07-05T19:49:42","modified_gmt":"2023-07-05T22:49:42","slug":"hospitales","status":"publish","type":"page","link":"https:\/\/bellavista.net.ar\/?page_id=3906","title":{"rendered":"Hospitales"},"content":{"rendered":"\n<p class=\"has-light-green-cyan-background-color has-text-color has-background\" style=\"color:#f40b0b\"><strong><em>Hospital Dr. Ra\u00fal F. Larcade<br>Av Pres. Juan Domingo Per\u00f3n 2311<br>6091-7135<\/em><\/strong><\/p>\n\n\n\n<p class=\"has-light-green-cyan-background-color has-text-color has-background\" style=\"color:#f40b0b\"><strong><em>Hospital San Miguel Arc\u00e1ngel<br>Mattaldi 1057 Bella Vista<br>4666-3151<br>Lab: 4666-5669<br>Consultorios Externos 6091-7133<\/em><\/strong><\/p>\n\n\n\n<p class=\"has-light-green-cyan-background-color has-text-color has-background\" style=\"color:#f40b0b\"><strong><em>Hospital Santa Mar\u00eda<br>Defensa y Balb\u00edn<br>De 24hs hs<\/em><\/strong><\/p>\n","protected":false},"excerpt":{"rendered":"<p>Hospital Dr. Ra\u00fal F. LarcadeAv Pres. Juan Domingo Per\u00f3n 23116091-7135 Hospital San Miguel Arc\u00e1ngelMattaldi 1057 Bella Vista4666-3151Lab: 4666-5669Consultorios Externos 6091-7133 Hospital Santa Mar\u00edaDefensa y Balb\u00ednDe 24hs hs<\/p>\n","protected":false},"author":1,"featured_media":0,"parent":3924,"menu_order":0,"comment_status":"closed","ping_status":"closed","template":"","meta":{"_eb_attr":"","advanced_seo_description":"","jetpack_seo_html_title":"","jetpack_seo_noindex":false,"footnotes":""},"class_list":["post-3906","page","type-page","status-publish","hentry"],"jetpack_sharing_enabled":true,"jetpack_likes_enabled":true,"jetpack-related-posts":[],"jetpack_shortlink":"https:\/\/wp.me\/P9kBAL-110","_links":{"self":[{"href":"https:\/\/bellavista.net.ar\/index.php?rest_route=\/wp\/v2\/pages\/3906","targetHints":{"allow":["GET"]}}],"collection":[{"href":"https:\/\/bellavista.net.ar\/index.php?rest_route=\/wp\/v2\/pages"}],"about":[{"href":"https:\/\/bellavista.net.ar\/index.php?rest_route=\/wp\/v2\/types\/page"}],"author":[{"embeddable":true,"href":"https:\/\/bellavista.net.ar\/index.php?rest_route=\/wp\/v2\/users\/1"}],"replies":[{"embeddable":true,"href":"https:\/\/bellavista.net.ar\/index.php?rest_route=%2Fwp%2Fv2%2Fcomments&post=3906"}],"version-history":[{"count":0,"href":"https:\/\/bellavista.net.ar\/index.php?rest_route=\/wp\/v2\/pages\/3906\/revisions"}],"up":[{"embeddable":true,"href":"https:\/\/bellavista.net.ar\/index.php?rest_route=\/wp\/v2\/pages\/3924"}],"wp:attachment":[{"href":"https:\/\/bellavista.net.ar\/index.php?rest_route=%2Fwp%2Fv2%2Fmedia&parent=3906"}],"curies":[{"name":"wp","href":"https:\/\/api.w.org\/{rel}","templated":true}]}}